{"id":336,"date":"2016-08-17T16:15:11","date_gmt":"2016-08-17T16:15:11","guid":{"rendered":"http:\/\/www.arisoftecuador.com\/blog\/?page_id=336"},"modified":"2016-08-18T19:27:34","modified_gmt":"2016-08-18T17:27:34","slug":"licencia-de-conduccion-para-particulares","status":"publish","type":"page","link":"https:\/\/www.arisoftecuador.com\/blog\/licencia-de-conduccion-para-particulares\/","title":{"rendered":"Aritest Alumnos, programa de test para obtener la licencia de conducci\u00f3n"},"content":{"rendered":"<p><img loading=\"lazy\" decoding=\"async\" class=\"alignnone wp-image-146\" src=\"https:\/\/www.arisoftecuador.com\/blog\/wp-content\/uploads\/aritest_ecuador1.jpg\" alt=\"aritest_ecuador\" width=\"654\" height=\"497\" \/><\/p>\n<p style=\"text-align: justify;\"><strong>Aritest Alumnos<\/strong> es un programa para <strong>particulares<\/strong>. Podr\u00e1 prepararse para el examen de la <strong>licencia de conducci\u00f3n<\/strong> desde su casa, a trav\u00e9s del <strong>computador<\/strong>.<\/p>\n<p style=\"text-align: justify;\">Tal y como les\u00a0informamos la semana pasada, ya est\u00e1 disponible el <strong>programa Aritest Alumnos Ecuador<\/strong> para particulares para preparar el examen de la <strong>licencia B<\/strong>. Hasta ahora, este producto solamente se comercializaba para <strong>Escuelas de Conductores en Ecuador<\/strong>. Sin embargo, tras la demanda de particulares interesados en preparar el examen de conducci\u00f3n con este sistema, les\u00a0facilitamos aqu\u00ed\u00ad los enlaces de pago y descarga para que puedan\u00a0estudiar desde su\u00a0<strong>computador<\/strong> de una forma muy sencilla y obtener la Licencia B.<\/p>\n<p style=\"text-align: justify;\">Para saber c\u00f3mo funciona el programa de test para preparar el <strong>examen<\/strong> de la licencia pueden\u00a0visualizar el siguiente v\u00ed\u00addeo. Es un peque\u00f1o <strong>tutorial<\/strong> en el que pueden\u00a0ver la interfaz del programa y los pasos m\u00e1s b\u00e1sicos para utilizarlo:<\/p>\n<p><iframe loading=\"lazy\" src=\"\/\/www.youtube.com\/embed\/tWT7Xdo-PS0\" width=\"300\" height=\"225\" frameborder=\"0\" allowfullscreen=\"allowfullscreen\"><\/iframe><\/p>\n<p>&nbsp;<\/p>\n<p style=\"text-align: justify;\"><strong>C\u00d3MO INSTALAR ESTE PROGRAMA<\/strong><\/p>\n<p style=\"text-align: justify;\">1. En primer lugar, debe realizar el pago del programa a trav\u00e9s de <strong>PayPal<\/strong>. El coste de este producto es de <strong>14,50 USD<\/strong> y no existen costes de gastos de env\u00ed\u00ado ya que se realizar\u00e1 una descarga:<\/p>\n<form action=\"https:\/\/www.paypal.com\/cgi-bin\/webscr\" method=\"post\" target=\"_top\"><input alt=\"PayPal. La forma r\u00e1pida y segura de pagar en Internet.\" name=\"submit\" src=\"https:\/\/www.paypalobjects.com\/es_ES\/ES\/i\/btn\/btn_buynowCC_LG.gif\" type=\"image\" \/><br \/>\n<img loading=\"lazy\" decoding=\"async\" src=\"https:\/\/www.paypalobjects.com\/es_ES\/i\/scr\/pixel.gif\" alt=\"\" width=\"1\" height=\"1\" border=\"0\" \/>Tambi\u00e9n puede hacer la compra a trav\u00e9s de la tienda online de Arisoft, pinchando en este enlace:\u00a0<\/form>\n<p>2. A continuaci\u00f3n, descargue e instale los siguientes archivos.<\/p>\n<ul>\n<li style=\"text-align: justify;\"><a title=\"Setup.exe\" href=\"https:\/\/www.dropbox.com\/s\/h8vowhijk3vt2za\/Setup.exe?dl=1\" target=\"_blank\">Setup.exe<\/a><\/li>\n<li style=\"text-align: justify;\"><a title=\"Aritest Ecuador\" href=\"https:\/\/www.dropbox.com\/s\/kwb8v9mbyz0n8ta\/Ecuadorlicenciab_setup.exe?dl=1\" target=\"_blank\">Aritest Ecuador<\/a><\/li>\n<\/ul>\n<p style=\"text-align: justify;\">Una vez instalado el programa es necesario obtener una <strong>clave<\/strong> para poder activarlo. Env\u00ed\u00ade un correo electr\u00f3nico a <strong>pedidos@arisoft.es <\/strong>para obtenerla y \u00a1ya puede\u00a0empezar a utilizar<strong> Aritest Ecuador<\/strong>!<\/p>\n<p style=\"text-align: center;\"><strong>NOTA<\/strong>: nuestras oficinas est\u00e1n en <strong>Espa\u00f1a<\/strong>. Nuestro personal le contestar\u00e1 en el siguiente horario (hora espa\u00f1ola)<\/p>\n<p style=\"text-align: center;\"><strong>HORARIO DE VERANO (hora espa\u00f1ola)<\/strong><br \/>\nLunes a jueves<br \/>\nDe\u00a0<strong>09:00 a 14:00 horas.<\/strong><br \/>\nDe\u00a0<strong>16:00 a 18:00 horas<\/strong>.<br \/>\n&#8211;<br \/>\nViernes<br \/>\nDe<strong>\u00a009:30 a 14:45 horas<\/strong>.<\/p>\n<p style=\"text-align: justify;\">Si tiene alguna duda, puede escribirnos un correo electr\u00f3nico a <strong>comunicacion@arisoft.es<\/strong><\/p>\n","protected":false},"excerpt":{"rendered":"<p>Aritest Alumnos es un programa para particulares. Podr\u00e1 prepararse para el examen de la licencia de conducci\u00f3n desde su casa, a trav\u00e9s del computador. Tal y como les\u00a0informamos la semana pasada, ya est\u00e1 disponible el programa Aritest Alumnos Ecuador para particulares para preparar el examen de la licencia B. Hasta ahora, este producto solamente se&hellip; <\/p>\n","protected":false},"author":1,"featured_media":367,"parent":0,"menu_order":0,"comment_status":"closed","ping_status":"closed","template":"","meta":{"jetpack_post_was_ever_published":false,"footnotes":""},"class_list":["post-336","page","type-page","status-publish","has-post-thumbnail","hentry"],"yoast_head":"<!-- This site is optimized with the Yoast SEO plugin v23.5 - https:\/\/yoast.com\/wordpress\/plugins\/seo\/ -->\n<title>Aritest Alumnos, programa de test para obtener la licencia de conducci\u00f3n - AriSoft Ecuador<\/title>\n<meta name=\"robots\" content=\"index, follow, max-snippet:-1, max-image-preview:large, max-video-preview:-1\" \/>\n<link rel=\"canonical\" href=\"https:\/\/www.arisoftecuador.com\/blog\/licencia-de-conduccion-para-particulares\/\" \/>\n<meta property=\"og:locale\" content=\"es_ES\" \/>\n<meta property=\"og:type\" content=\"article\" \/>\n<meta property=\"og:title\" content=\"Aritest Alumnos, programa de test para obtener la licencia de conducci\u00f3n - AriSoft Ecuador\" \/>\n<meta property=\"og:description\" content=\"Aritest Alumnos es un programa para particulares. Podr\u00e1 prepararse para el examen de la licencia de conducci\u00f3n desde su casa, a trav\u00e9s del computador. Tal y como les\u00a0informamos la semana pasada, ya est\u00e1 disponible el programa Aritest Alumnos Ecuador para particulares para preparar el examen de la licencia B. Hasta ahora, este producto solamente se&hellip;\" \/>\n<meta property=\"og:url\" content=\"https:\/\/www.arisoftecuador.com\/blog\/licencia-de-conduccion-para-particulares\/\" \/>\n<meta property=\"og:site_name\" content=\"AriSoft Ecuador\" \/>\n<meta property=\"article:modified_time\" content=\"2016-08-18T17:27:34+00:00\" \/>\n<meta property=\"og:image\" content=\"https:\/\/www.arisoftecuador.com\/blog\/wp-content\/uploads\/licencia-ecuador-particulares2.jpg\" \/>\n\t<meta property=\"og:image:width\" content=\"1349\" \/>\n\t<meta property=\"og:image:height\" content=\"600\" \/>\n\t<meta property=\"og:image:type\" content=\"image\/jpeg\" \/>\n<meta name=\"twitter:card\" content=\"summary_large_image\" \/>\n<meta name=\"twitter:label1\" content=\"Tiempo de lectura\" \/>\n\t<meta name=\"twitter:data1\" content=\"2 minutos\" \/>\n<script type=\"application\/ld+json\" class=\"yoast-schema-graph\">{\"@context\":\"https:\/\/schema.org\",\"@graph\":[{\"@type\":\"WebPage\",\"@id\":\"https:\/\/www.arisoftecuador.com\/blog\/licencia-de-conduccion-para-particulares\/\",\"url\":\"https:\/\/www.arisoftecuador.com\/blog\/licencia-de-conduccion-para-particulares\/\",\"name\":\"Aritest Alumnos, programa de test para obtener la licencia de conducci\u00f3n - AriSoft Ecuador\",\"isPartOf\":{\"@id\":\"https:\/\/www.arisoftecuador.com\/blog\/#website\"},\"primaryImageOfPage\":{\"@id\":\"https:\/\/www.arisoftecuador.com\/blog\/licencia-de-conduccion-para-particulares\/#primaryimage\"},\"image\":{\"@id\":\"https:\/\/www.arisoftecuador.com\/blog\/licencia-de-conduccion-para-particulares\/#primaryimage\"},\"thumbnailUrl\":\"https:\/\/www.arisoftecuador.com\/blog\/wp-content\/uploads\/licencia-ecuador-particulares2.jpg\",\"datePublished\":\"2016-08-17T16:15:11+00:00\",\"dateModified\":\"2016-08-18T17:27:34+00:00\",\"breadcrumb\":{\"@id\":\"https:\/\/www.arisoftecuador.com\/blog\/licencia-de-conduccion-para-particulares\/#breadcrumb\"},\"inLanguage\":\"es\",\"potentialAction\":[{\"@type\":\"ReadAction\",\"target\":[\"https:\/\/www.arisoftecuador.com\/blog\/licencia-de-conduccion-para-particulares\/\"]}]},{\"@type\":\"ImageObject\",\"inLanguage\":\"es\",\"@id\":\"https:\/\/www.arisoftecuador.com\/blog\/licencia-de-conduccion-para-particulares\/#primaryimage\",\"url\":\"https:\/\/www.arisoftecuador.com\/blog\/wp-content\/uploads\/licencia-ecuador-particulares2.jpg\",\"contentUrl\":\"https:\/\/www.arisoftecuador.com\/blog\/wp-content\/uploads\/licencia-ecuador-particulares2.jpg\",\"width\":1349,\"height\":600},{\"@type\":\"BreadcrumbList\",\"@id\":\"https:\/\/www.arisoftecuador.com\/blog\/licencia-de-conduccion-para-particulares\/#breadcrumb\",\"itemListElement\":[{\"@type\":\"ListItem\",\"position\":1,\"name\":\"Portada\",\"item\":\"https:\/\/www.arisoftecuador.com\/blog\/\"},{\"@type\":\"ListItem\",\"position\":2,\"name\":\"Aritest Alumnos, programa de test para obtener la licencia de conducci\u00f3n\"}]},{\"@type\":\"WebSite\",\"@id\":\"https:\/\/www.arisoftecuador.com\/blog\/#website\",\"url\":\"https:\/\/www.arisoftecuador.com\/blog\/\",\"name\":\"AriSoft Ecuador\",\"description\":\"Editorial de productos para escuelas de conducci\u00f3n\",\"publisher\":{\"@id\":\"https:\/\/www.arisoftecuador.com\/blog\/#organization\"},\"potentialAction\":[{\"@type\":\"SearchAction\",\"target\":{\"@type\":\"EntryPoint\",\"urlTemplate\":\"https:\/\/www.arisoftecuador.com\/blog\/?s={search_term_string}\"},\"query-input\":{\"@type\":\"PropertyValueSpecification\",\"valueRequired\":true,\"valueName\":\"search_term_string\"}}],\"inLanguage\":\"es\"},{\"@type\":\"Organization\",\"@id\":\"https:\/\/www.arisoftecuador.com\/blog\/#organization\",\"name\":\"AriSoft Ecuador\",\"url\":\"https:\/\/www.arisoftecuador.com\/blog\/\",\"logo\":{\"@type\":\"ImageObject\",\"inLanguage\":\"es\",\"@id\":\"https:\/\/www.arisoftecuador.com\/blog\/#\/schema\/logo\/image\/\",\"url\":\"https:\/\/www.arisoftecuador.com\/blog\/wp-content\/uploads\/arisoft-ecuador-logo-1.png\",\"contentUrl\":\"https:\/\/www.arisoftecuador.com\/blog\/wp-content\/uploads\/arisoft-ecuador-logo-1.png\",\"width\":180,\"height\":180,\"caption\":\"AriSoft Ecuador\"},\"image\":{\"@id\":\"https:\/\/www.arisoftecuador.com\/blog\/#\/schema\/logo\/image\/\"}}]}<\/script>\n<!-- \/ Yoast SEO plugin. -->","yoast_head_json":{"title":"Aritest Alumnos, programa de test para obtener la licencia de conducci\u00f3n - AriSoft Ecuador","robots":{"index":"index","follow":"follow","max-snippet":"max-snippet:-1","max-image-preview":"max-image-preview:large","max-video-preview":"max-video-preview:-1"},"canonical":"https:\/\/www.arisoftecuador.com\/blog\/licencia-de-conduccion-para-particulares\/","og_locale":"es_ES","og_type":"article","og_title":"Aritest Alumnos, programa de test para obtener la licencia de conducci\u00f3n - AriSoft Ecuador","og_description":"Aritest Alumnos es un programa para particulares. Podr\u00e1 prepararse para el examen de la licencia de conducci\u00f3n desde su casa, a trav\u00e9s del computador. Tal y como les\u00a0informamos la semana pasada, ya est\u00e1 disponible el programa Aritest Alumnos Ecuador para particulares para preparar el examen de la licencia B. Hasta ahora, este producto solamente se&hellip;","og_url":"https:\/\/www.arisoftecuador.com\/blog\/licencia-de-conduccion-para-particulares\/","og_site_name":"AriSoft Ecuador","article_modified_time":"2016-08-18T17:27:34+00:00","og_image":[{"width":1349,"height":600,"url":"https:\/\/www.arisoftecuador.com\/blog\/wp-content\/uploads\/licencia-ecuador-particulares2.jpg","type":"image\/jpeg"}],"twitter_card":"summary_large_image","twitter_misc":{"Tiempo de lectura":"2 minutos"},"schema":{"@context":"https:\/\/schema.org","@graph":[{"@type":"WebPage","@id":"https:\/\/www.arisoftecuador.com\/blog\/licencia-de-conduccion-para-particulares\/","url":"https:\/\/www.arisoftecuador.com\/blog\/licencia-de-conduccion-para-particulares\/","name":"Aritest Alumnos, programa de test para obtener la licencia de conducci\u00f3n - AriSoft Ecuador","isPartOf":{"@id":"https:\/\/www.arisoftecuador.com\/blog\/#website"},"primaryImageOfPage":{"@id":"https:\/\/www.arisoftecuador.com\/blog\/licencia-de-conduccion-para-particulares\/#primaryimage"},"image":{"@id":"https:\/\/www.arisoftecuador.com\/blog\/licencia-de-conduccion-para-particulares\/#primaryimage"},"thumbnailUrl":"https:\/\/www.arisoftecuador.com\/blog\/wp-content\/uploads\/licencia-ecuador-particulares2.jpg","datePublished":"2016-08-17T16:15:11+00:00","dateModified":"2016-08-18T17:27:34+00:00","breadcrumb":{"@id":"https:\/\/www.arisoftecuador.com\/blog\/licencia-de-conduccion-para-particulares\/#breadcrumb"},"inLanguage":"es","potentialAction":[{"@type":"ReadAction","target":["https:\/\/www.arisoftecuador.com\/blog\/licencia-de-conduccion-para-particulares\/"]}]},{"@type":"ImageObject","inLanguage":"es","@id":"https:\/\/www.arisoftecuador.com\/blog\/licencia-de-conduccion-para-particulares\/#primaryimage","url":"https:\/\/www.arisoftecuador.com\/blog\/wp-content\/uploads\/licencia-ecuador-particulares2.jpg","contentUrl":"https:\/\/www.arisoftecuador.com\/blog\/wp-content\/uploads\/licencia-ecuador-particulares2.jpg","width":1349,"height":600},{"@type":"BreadcrumbList","@id":"https:\/\/www.arisoftecuador.com\/blog\/licencia-de-conduccion-para-particulares\/#breadcrumb","itemListElement":[{"@type":"ListItem","position":1,"name":"Portada","item":"https:\/\/www.arisoftecuador.com\/blog\/"},{"@type":"ListItem","position":2,"name":"Aritest Alumnos, programa de test para obtener la licencia de conducci\u00f3n"}]},{"@type":"WebSite","@id":"https:\/\/www.arisoftecuador.com\/blog\/#website","url":"https:\/\/www.arisoftecuador.com\/blog\/","name":"AriSoft Ecuador","description":"Editorial de productos para escuelas de conducci\u00f3n","publisher":{"@id":"https:\/\/www.arisoftecuador.com\/blog\/#organization"},"potentialAction":[{"@type":"SearchAction","target":{"@type":"EntryPoint","urlTemplate":"https:\/\/www.arisoftecuador.com\/blog\/?s={search_term_string}"},"query-input":{"@type":"PropertyValueSpecification","valueRequired":true,"valueName":"search_term_string"}}],"inLanguage":"es"},{"@type":"Organization","@id":"https:\/\/www.arisoftecuador.com\/blog\/#organization","name":"AriSoft Ecuador","url":"https:\/\/www.arisoftecuador.com\/blog\/","logo":{"@type":"ImageObject","inLanguage":"es","@id":"https:\/\/www.arisoftecuador.com\/blog\/#\/schema\/logo\/image\/","url":"https:\/\/www.arisoftecuador.com\/blog\/wp-content\/uploads\/arisoft-ecuador-logo-1.png","contentUrl":"https:\/\/www.arisoftecuador.com\/blog\/wp-content\/uploads\/arisoft-ecuador-logo-1.png","width":180,"height":180,"caption":"AriSoft Ecuador"},"image":{"@id":"https:\/\/www.arisoftecuador.com\/blog\/#\/schema\/logo\/image\/"}}]}},"jetpack_sharing_enabled":true,"jetpack_shortlink":"https:\/\/wp.me\/P3ZQIp-5q","_links":{"self":[{"href":"https:\/\/www.arisoftecuador.com\/blog\/wp-json\/wp\/v2\/pages\/336"}],"collection":[{"href":"https:\/\/www.arisoftecuador.com\/blog\/wp-json\/wp\/v2\/pages"}],"about":[{"href":"https:\/\/www.arisoftecuador.com\/blog\/wp-json\/wp\/v2\/types\/page"}],"author":[{"embeddable":true,"href":"https:\/\/www.arisoftecuador.com\/blog\/wp-json\/wp\/v2\/users\/1"}],"replies":[{"embeddable":true,"href":"https:\/\/www.arisoftecuador.com\/blog\/wp-json\/wp\/v2\/comments?post=336"}],"version-history":[{"count":5,"href":"https:\/\/www.arisoftecuador.com\/blog\/wp-json\/wp\/v2\/pages\/336\/revisions"}],"predecessor-version":[{"id":368,"href":"https:\/\/www.arisoftecuador.com\/blog\/wp-json\/wp\/v2\/pages\/336\/revisions\/368"}],"wp:featuredmedia":[{"embeddable":true,"href":"https:\/\/www.arisoftecuador.com\/blog\/wp-json\/wp\/v2\/media\/367"}],"wp:attachment":[{"href":"https:\/\/www.arisoftecuador.com\/blog\/wp-json\/wp\/v2\/media?parent=336"}],"curies":[{"name":"wp","href":"https:\/\/api.w.org\/{rel}","templated":true}]}}