{"id":344,"date":"2016-08-17T16:18:32","date_gmt":"2016-08-17T16:18:32","guid":{"rendered":"http:\/\/www.arisoftecuador.com\/blog\/?page_id=344"},"modified":"2016-08-18T19:13:45","modified_gmt":"2016-08-18T17:13:45","slug":"aritest-aula-el-programa-de-realizacion-de-test-para-las-escuelas-de-conduccion","status":"publish","type":"page","link":"https:\/\/www.arisoftecuador.com\/blog\/aritest-aula-el-programa-de-realizacion-de-test-para-las-escuelas-de-conduccion\/","title":{"rendered":"Aritest Aula, el programa de realizaci\u00f3n de test para las escuelas de conducci\u00f3n"},"content":{"rendered":"<p><strong><img loading=\"lazy\" decoding=\"async\" class=\"aligncenter\" src=\"https:\/\/www.arisoftecuador.com\/blog\/wp-content\/uploads\/aritest_ecuador.jpg\" alt=\"\" width=\"478\" height=\"360\" \/><\/strong><\/p>\n<p style=\"text-align: justify;\"><strong>Aritest Aula<\/strong>\u00a0es un programa atractivo y de sencillo manejo gracias al cual el alumno puede realizar los test en el aula de la <strong>escuela de conducci\u00f3n<\/strong> a trav\u00e9s de un ordenador.<\/p>\n<p style=\"text-align: justify;\">El alumno entra al programa introduciendo su <strong>DNI<\/strong> y <strong>contrase\u00f1a<\/strong> y accede a la lista de test de una base de datos con preguntas sobre la normativa para aprobar el examen te\u00f3rico del permiso de conducir en <strong>Ecuador<\/strong>.<\/p>\n<p style=\"text-align: justify;\">Veamos cu\u00e1les son las principales caracter\u00ed\u00adsticas de este programa de realizaci\u00f3n de test:<\/p>\n<p style=\"text-align: justify;\"><strong>RELOJ<\/strong>. Aritest Aula dispone de un reloj que indica al alumno de cu\u00e1nto tiempo dispone para realizar el test.<\/p>\n<p style=\"text-align: justify;\"><strong>CORRECCI\u00d3N.\u00a0<\/strong>Podemos seleccionar tres m\u00e9todos diferentes de correcci\u00f3n.<\/p>\n<ul style=\"text-align: justify;\">\n<li>Correcci\u00f3n interactiva. Aritest Aula corrige autom\u00e1ticamente las respuestas al pasar a la siguiente pregunta.<\/li>\n<li>Acceso libre a la ayuda. En caso de que el paquete tenga elementos de ayuda asignados, el alumno podr\u00e1 acceder a los elementos de ayuda sin necesidad de contestar a la pregunta.<\/li>\n<li>Examen. En esta modalidad, Aritest Aula no corrige las respuestas hasta el final, cuando se hayan respondido todas. El alumno no podr\u00e1 acceder a la ayuda, de existir \u00e9sta, durante la realizaci\u00f3n del test.<\/li>\n<\/ul>\n<p style=\"text-align: justify;\"><strong>PREGUNTAS DUDOSAS<\/strong>. Cuando un alumno duda al contestar una pregunta, puede marcarla como dudosa pinchando en el icono del birrete para mostr\u00e1rselas posteriormente al profesor.<\/p>\n<p style=\"text-align: justify;\"><strong>LISTADO DE PREGUNTAS<\/strong>. Al finalizar el test, el alumno visualizar\u00e1 el listado completo de preguntas y un resumen gr\u00e1fico de cu\u00e1ntas preguntas ha fallado y cuantas ha acertado.<\/p>\n<p style=\"text-align: justify;\"><strong>GESTOR ESTAD\u00cdSTICO<\/strong>. A trav\u00e9s del gestor estad\u00ed\u00adstico se puede visualizar la evoluci\u00f3n del alumno. En este apartado podremos consultar la siguiente informaci\u00f3n: n\u00famero de test aprobados y suspensos, preguntas acertadas y falladas, test completados, porcentaje de test realizados fuera de tiempo, tiempo medio de realizaci\u00f3n del test, nota general y categor\u00ed\u00adas con m\u00e1s fallos.<\/p>\n<p style=\"text-align: justify;\"><strong>TEST DE REPASO<\/strong>. Con Aritest Aula podemos generar test de repaso, que incluir\u00e1n las preguntas que el alumno ha fallado.<\/p>\n","protected":false},"excerpt":{"rendered":"<p>Aritest Aula\u00a0es un programa atractivo y de sencillo manejo gracias al cual el alumno puede realizar los test en el aula de la escuela de conducci\u00f3n a trav\u00e9s de un ordenador. El alumno entra al programa introduciendo su DNI y contrase\u00f1a y accede a la lista de test de una base de datos con preguntas&hellip; <\/p>\n","protected":false},"author":1,"featured_media":363,"parent":0,"menu_order":0,"comment_status":"closed","ping_status":"closed","template":"","meta":{"jetpack_post_was_ever_published":false,"footnotes":""},"class_list":["post-344","page","type-page","status-publish","has-post-thumbnail","hentry"],"yoast_head":"<!-- This site is optimized with the Yoast SEO plugin v23.5 - https:\/\/yoast.com\/wordpress\/plugins\/seo\/ -->\n<title>Aritest Aula, el programa de realizaci\u00f3n de test para las escuelas de conducci\u00f3n - AriSoft Ecuador<\/title>\n<meta name=\"robots\" content=\"index, follow, max-snippet:-1, max-image-preview:large, max-video-preview:-1\" \/>\n<link rel=\"canonical\" href=\"https:\/\/www.arisoftecuador.com\/blog\/aritest-aula-el-programa-de-realizacion-de-test-para-las-escuelas-de-conduccion\/\" \/>\n<meta property=\"og:locale\" content=\"es_ES\" \/>\n<meta property=\"og:type\" content=\"article\" \/>\n<meta property=\"og:title\" content=\"Aritest Aula, el programa de realizaci\u00f3n de test para las escuelas de conducci\u00f3n - AriSoft Ecuador\" \/>\n<meta property=\"og:description\" content=\"Aritest Aula\u00a0es un programa atractivo y de sencillo manejo gracias al cual el alumno puede realizar los test en el aula de la escuela de conducci\u00f3n a trav\u00e9s de un ordenador. El alumno entra al programa introduciendo su DNI y contrase\u00f1a y accede a la lista de test de una base de datos con preguntas&hellip;\" \/>\n<meta property=\"og:url\" content=\"https:\/\/www.arisoftecuador.com\/blog\/aritest-aula-el-programa-de-realizacion-de-test-para-las-escuelas-de-conduccion\/\" \/>\n<meta property=\"og:site_name\" content=\"AriSoft Ecuador\" \/>\n<meta property=\"article:modified_time\" content=\"2016-08-18T17:13:45+00:00\" \/>\n<meta property=\"og:image\" content=\"https:\/\/www.arisoftecuador.com\/blog\/wp-content\/uploads\/Fotoprin_aritest.jpg\" \/>\n\t<meta property=\"og:image:width\" content=\"1920\" \/>\n\t<meta property=\"og:image:height\" content=\"860\" \/>\n\t<meta property=\"og:image:type\" content=\"image\/jpeg\" \/>\n<meta name=\"twitter:card\" content=\"summary_large_image\" \/>\n<meta name=\"twitter:label1\" content=\"Tiempo de lectura\" \/>\n\t<meta name=\"twitter:data1\" content=\"2 minutos\" \/>\n<script type=\"application\/ld+json\" class=\"yoast-schema-graph\">{\"@context\":\"https:\/\/schema.org\",\"@graph\":[{\"@type\":\"WebPage\",\"@id\":\"https:\/\/www.arisoftecuador.com\/blog\/aritest-aula-el-programa-de-realizacion-de-test-para-las-escuelas-de-conduccion\/\",\"url\":\"https:\/\/www.arisoftecuador.com\/blog\/aritest-aula-el-programa-de-realizacion-de-test-para-las-escuelas-de-conduccion\/\",\"name\":\"Aritest Aula, el programa de realizaci\u00f3n de test para las escuelas de conducci\u00f3n - AriSoft Ecuador\",\"isPartOf\":{\"@id\":\"https:\/\/www.arisoftecuador.com\/blog\/#website\"},\"primaryImageOfPage\":{\"@id\":\"https:\/\/www.arisoftecuador.com\/blog\/aritest-aula-el-programa-de-realizacion-de-test-para-las-escuelas-de-conduccion\/#primaryimage\"},\"image\":{\"@id\":\"https:\/\/www.arisoftecuador.com\/blog\/aritest-aula-el-programa-de-realizacion-de-test-para-las-escuelas-de-conduccion\/#primaryimage\"},\"thumbnailUrl\":\"https:\/\/www.arisoftecuador.com\/blog\/wp-content\/uploads\/Fotoprin_aritest.jpg\",\"datePublished\":\"2016-08-17T16:18:32+00:00\",\"dateModified\":\"2016-08-18T17:13:45+00:00\",\"breadcrumb\":{\"@id\":\"https:\/\/www.arisoftecuador.com\/blog\/aritest-aula-el-programa-de-realizacion-de-test-para-las-escuelas-de-conduccion\/#breadcrumb\"},\"inLanguage\":\"es\",\"potentialAction\":[{\"@type\":\"ReadAction\",\"target\":[\"https:\/\/www.arisoftecuador.com\/blog\/aritest-aula-el-programa-de-realizacion-de-test-para-las-escuelas-de-conduccion\/\"]}]},{\"@type\":\"ImageObject\",\"inLanguage\":\"es\",\"@id\":\"https:\/\/www.arisoftecuador.com\/blog\/aritest-aula-el-programa-de-realizacion-de-test-para-las-escuelas-de-conduccion\/#primaryimage\",\"url\":\"https:\/\/www.arisoftecuador.com\/blog\/wp-content\/uploads\/Fotoprin_aritest.jpg\",\"contentUrl\":\"https:\/\/www.arisoftecuador.com\/blog\/wp-content\/uploads\/Fotoprin_aritest.jpg\",\"width\":1920,\"height\":860},{\"@type\":\"BreadcrumbList\",\"@id\":\"https:\/\/www.arisoftecuador.com\/blog\/aritest-aula-el-programa-de-realizacion-de-test-para-las-escuelas-de-conduccion\/#breadcrumb\",\"itemListElement\":[{\"@type\":\"ListItem\",\"position\":1,\"name\":\"Portada\",\"item\":\"https:\/\/www.arisoftecuador.com\/blog\/\"},{\"@type\":\"ListItem\",\"position\":2,\"name\":\"Aritest Aula, el programa de realizaci\u00f3n de test para las escuelas de conducci\u00f3n\"}]},{\"@type\":\"WebSite\",\"@id\":\"https:\/\/www.arisoftecuador.com\/blog\/#website\",\"url\":\"https:\/\/www.arisoftecuador.com\/blog\/\",\"name\":\"AriSoft Ecuador\",\"description\":\"Editorial de productos para escuelas de conducci\u00f3n\",\"publisher\":{\"@id\":\"https:\/\/www.arisoftecuador.com\/blog\/#organization\"},\"potentialAction\":[{\"@type\":\"SearchAction\",\"target\":{\"@type\":\"EntryPoint\",\"urlTemplate\":\"https:\/\/www.arisoftecuador.com\/blog\/?s={search_term_string}\"},\"query-input\":{\"@type\":\"PropertyValueSpecification\",\"valueRequired\":true,\"valueName\":\"search_term_string\"}}],\"inLanguage\":\"es\"},{\"@type\":\"Organization\",\"@id\":\"https:\/\/www.arisoftecuador.com\/blog\/#organization\",\"name\":\"AriSoft Ecuador\",\"url\":\"https:\/\/www.arisoftecuador.com\/blog\/\",\"logo\":{\"@type\":\"ImageObject\",\"inLanguage\":\"es\",\"@id\":\"https:\/\/www.arisoftecuador.com\/blog\/#\/schema\/logo\/image\/\",\"url\":\"https:\/\/www.arisoftecuador.com\/blog\/wp-content\/uploads\/arisoft-ecuador-logo-1.png\",\"contentUrl\":\"https:\/\/www.arisoftecuador.com\/blog\/wp-content\/uploads\/arisoft-ecuador-logo-1.png\",\"width\":180,\"height\":180,\"caption\":\"AriSoft Ecuador\"},\"image\":{\"@id\":\"https:\/\/www.arisoftecuador.com\/blog\/#\/schema\/logo\/image\/\"}}]}<\/script>\n<!-- \/ Yoast SEO plugin. -->","yoast_head_json":{"title":"Aritest Aula, el programa de realizaci\u00f3n de test para las escuelas de conducci\u00f3n - AriSoft Ecuador","robots":{"index":"index","follow":"follow","max-snippet":"max-snippet:-1","max-image-preview":"max-image-preview:large","max-video-preview":"max-video-preview:-1"},"canonical":"https:\/\/www.arisoftecuador.com\/blog\/aritest-aula-el-programa-de-realizacion-de-test-para-las-escuelas-de-conduccion\/","og_locale":"es_ES","og_type":"article","og_title":"Aritest Aula, el programa de realizaci\u00f3n de test para las escuelas de conducci\u00f3n - AriSoft Ecuador","og_description":"Aritest Aula\u00a0es un programa atractivo y de sencillo manejo gracias al cual el alumno puede realizar los test en el aula de la escuela de conducci\u00f3n a trav\u00e9s de un ordenador. El alumno entra al programa introduciendo su DNI y contrase\u00f1a y accede a la lista de test de una base de datos con preguntas&hellip;","og_url":"https:\/\/www.arisoftecuador.com\/blog\/aritest-aula-el-programa-de-realizacion-de-test-para-las-escuelas-de-conduccion\/","og_site_name":"AriSoft Ecuador","article_modified_time":"2016-08-18T17:13:45+00:00","og_image":[{"width":1920,"height":860,"url":"https:\/\/www.arisoftecuador.com\/blog\/wp-content\/uploads\/Fotoprin_aritest.jpg","type":"image\/jpeg"}],"twitter_card":"summary_large_image","twitter_misc":{"Tiempo de lectura":"2 minutos"},"schema":{"@context":"https:\/\/schema.org","@graph":[{"@type":"WebPage","@id":"https:\/\/www.arisoftecuador.com\/blog\/aritest-aula-el-programa-de-realizacion-de-test-para-las-escuelas-de-conduccion\/","url":"https:\/\/www.arisoftecuador.com\/blog\/aritest-aula-el-programa-de-realizacion-de-test-para-las-escuelas-de-conduccion\/","name":"Aritest Aula, el programa de realizaci\u00f3n de test para las escuelas de conducci\u00f3n - AriSoft Ecuador","isPartOf":{"@id":"https:\/\/www.arisoftecuador.com\/blog\/#website"},"primaryImageOfPage":{"@id":"https:\/\/www.arisoftecuador.com\/blog\/aritest-aula-el-programa-de-realizacion-de-test-para-las-escuelas-de-conduccion\/#primaryimage"},"image":{"@id":"https:\/\/www.arisoftecuador.com\/blog\/aritest-aula-el-programa-de-realizacion-de-test-para-las-escuelas-de-conduccion\/#primaryimage"},"thumbnailUrl":"https:\/\/www.arisoftecuador.com\/blog\/wp-content\/uploads\/Fotoprin_aritest.jpg","datePublished":"2016-08-17T16:18:32+00:00","dateModified":"2016-08-18T17:13:45+00:00","breadcrumb":{"@id":"https:\/\/www.arisoftecuador.com\/blog\/aritest-aula-el-programa-de-realizacion-de-test-para-las-escuelas-de-conduccion\/#breadcrumb"},"inLanguage":"es","potentialAction":[{"@type":"ReadAction","target":["https:\/\/www.arisoftecuador.com\/blog\/aritest-aula-el-programa-de-realizacion-de-test-para-las-escuelas-de-conduccion\/"]}]},{"@type":"ImageObject","inLanguage":"es","@id":"https:\/\/www.arisoftecuador.com\/blog\/aritest-aula-el-programa-de-realizacion-de-test-para-las-escuelas-de-conduccion\/#primaryimage","url":"https:\/\/www.arisoftecuador.com\/blog\/wp-content\/uploads\/Fotoprin_aritest.jpg","contentUrl":"https:\/\/www.arisoftecuador.com\/blog\/wp-content\/uploads\/Fotoprin_aritest.jpg","width":1920,"height":860},{"@type":"BreadcrumbList","@id":"https:\/\/www.arisoftecuador.com\/blog\/aritest-aula-el-programa-de-realizacion-de-test-para-las-escuelas-de-conduccion\/#breadcrumb","itemListElement":[{"@type":"ListItem","position":1,"name":"Portada","item":"https:\/\/www.arisoftecuador.com\/blog\/"},{"@type":"ListItem","position":2,"name":"Aritest Aula, el programa de realizaci\u00f3n de test para las escuelas de conducci\u00f3n"}]},{"@type":"WebSite","@id":"https:\/\/www.arisoftecuador.com\/blog\/#website","url":"https:\/\/www.arisoftecuador.com\/blog\/","name":"AriSoft Ecuador","description":"Editorial de productos para escuelas de conducci\u00f3n","publisher":{"@id":"https:\/\/www.arisoftecuador.com\/blog\/#organization"},"potentialAction":[{"@type":"SearchAction","target":{"@type":"EntryPoint","urlTemplate":"https:\/\/www.arisoftecuador.com\/blog\/?s={search_term_string}"},"query-input":{"@type":"PropertyValueSpecification","valueRequired":true,"valueName":"search_term_string"}}],"inLanguage":"es"},{"@type":"Organization","@id":"https:\/\/www.arisoftecuador.com\/blog\/#organization","name":"AriSoft Ecuador","url":"https:\/\/www.arisoftecuador.com\/blog\/","logo":{"@type":"ImageObject","inLanguage":"es","@id":"https:\/\/www.arisoftecuador.com\/blog\/#\/schema\/logo\/image\/","url":"https:\/\/www.arisoftecuador.com\/blog\/wp-content\/uploads\/arisoft-ecuador-logo-1.png","contentUrl":"https:\/\/www.arisoftecuador.com\/blog\/wp-content\/uploads\/arisoft-ecuador-logo-1.png","width":180,"height":180,"caption":"AriSoft Ecuador"},"image":{"@id":"https:\/\/www.arisoftecuador.com\/blog\/#\/schema\/logo\/image\/"}}]}},"jetpack_sharing_enabled":true,"jetpack_shortlink":"https:\/\/wp.me\/P3ZQIp-5y","_links":{"self":[{"href":"https:\/\/www.arisoftecuador.com\/blog\/wp-json\/wp\/v2\/pages\/344"}],"collection":[{"href":"https:\/\/www.arisoftecuador.com\/blog\/wp-json\/wp\/v2\/pages"}],"about":[{"href":"https:\/\/www.arisoftecuador.com\/blog\/wp-json\/wp\/v2\/types\/page"}],"author":[{"embeddable":true,"href":"https:\/\/www.arisoftecuador.com\/blog\/wp-json\/wp\/v2\/users\/1"}],"replies":[{"embeddable":true,"href":"https:\/\/www.arisoftecuador.com\/blog\/wp-json\/wp\/v2\/comments?post=344"}],"version-history":[{"count":1,"href":"https:\/\/www.arisoftecuador.com\/blog\/wp-json\/wp\/v2\/pages\/344\/revisions"}],"predecessor-version":[{"id":345,"href":"https:\/\/www.arisoftecuador.com\/blog\/wp-json\/wp\/v2\/pages\/344\/revisions\/345"}],"wp:featuredmedia":[{"embeddable":true,"href":"https:\/\/www.arisoftecuador.com\/blog\/wp-json\/wp\/v2\/media\/363"}],"wp:attachment":[{"href":"https:\/\/www.arisoftecuador.com\/blog\/wp-json\/wp\/v2\/media?parent=344"}],"curies":[{"name":"wp","href":"https:\/\/api.w.org\/{rel}","templated":true}]}}