{"id":346,"date":"2016-08-17T16:19:17","date_gmt":"2016-08-17T16:19:17","guid":{"rendered":"http:\/\/www.arisoftecuador.com\/blog\/?page_id=346"},"modified":"2016-08-17T16:19:17","modified_gmt":"2016-08-17T16:19:17","slug":"tutorial-del-programa-aritest-aula","status":"publish","type":"page","link":"https:\/\/www.arisoftecuador.com\/blog\/tutorial-del-programa-aritest-aula\/","title":{"rendered":"Tutorial del programa Aritest Aula"},"content":{"rendered":"<p><img loading=\"lazy\" decoding=\"async\" class=\"wp-image-119 aligncenter\" src=\"https:\/\/www.arisoftecuador.com\/blog\/wp-content\/uploads\/2013\/06\/AULAprincipal.jpg\" alt=\"Aritest Aula\" width=\"510\" height=\"382\" srcset=\"https:\/\/www.arisoftecuador.com\/blog\/wp-content\/uploads\/2013\/06\/AULAprincipal.jpg 798w, https:\/\/www.arisoftecuador.com\/blog\/wp-content\/uploads\/2013\/06\/AULAprincipal-300x224.jpg 300w\" sizes=\"(max-width: 510px) 100vw, 510px\" \/><\/p>\n<p>&nbsp;<\/p>\n<p style=\"text-align: justify;\">Os vamos a ense\u00f1ar hoy c\u00f3mo utilizar el programa <strong>Aritest Aula<\/strong>.<\/p>\n<p style=\"text-align: justify;\">Para empezar, el alumno acceder\u00e1 con <strong>su n\u00famero de identificaci\u00f3n personal y una clave<\/strong>, de cuatro d\u00ed\u00adgitos, que previamente le hemos asignado.<\/p>\n<p style=\"text-align: justify;\">Ver\u00e1 entonces una pantalla principal con varias opciones. Pinchando en el icono <strong>TEST<\/strong>, el alumno accede a la base de datos completa con todos los test.<\/p>\n<p style=\"text-align: justify;\">Lo seleccionar\u00e1 haciendo doble click sobre el nombre. Al comenzar el test, ver\u00e1 en la esquina superior derecha un <strong>reloj<\/strong> que le indicar\u00e1 de cu\u00e1nto tiempo dispone para responder a todas las preguntas.<\/p>\n<p style=\"text-align: justify;\">Al seleccionar la respuesta y pinchar en la flecha de la derecha para continuar, <strong>el programa la corregir\u00e1 autom\u00e1ticamente.<\/strong><\/p>\n<p><iframe loading=\"lazy\" src=\"http:\/\/www.youtube.com\/embed\/tWT7Xdo-PS0?rel=0\" width=\"500\" height=\"400\" frameborder=\"0\" allowfullscreen=\"allowfullscreen\"><\/iframe><\/p>\n<p>&nbsp;<\/p>\n<p style=\"text-align: justify;\"><strong>LISTADO DE PREGUNTAS Y PREGUNTAS DUDOSAS<\/strong><\/p>\n<p style=\"text-align: justify;\">En la parte inferior derecha encontramos varias opciones:<\/p>\n<p style=\"text-align: justify;\">&#8211; Cruz amarilla. Pinchando en esta cruz accedemos a un listado con todas las preguntas de las que consta el test. Las que el alumno haya contestado correctamente, aparecer\u00e1n en color verte; las incorrectas, en rojo. La pregunta actual aparecer\u00e1 sombreado de amarillo.<\/p>\n<p style=\"text-align: justify;\">&#8211; Birrete. Este icono permite al alumno marcar una pregunta como dudosa para consultarla m\u00e1s tarde o en cualquier otro momento con el profesor.<\/p>\n<p style=\"text-align: justify;\"><strong>GESTOR ESTAD\u00cdSTICO<\/strong><\/p>\n<p style=\"text-align: justify;\">Para volver a la lista de test, pincharemos el icono situado en la esquina inferior izquierda. Nos encontraremos de nuevo en la pantalla principal del programa.<\/p>\n<p style=\"text-align: justify;\">Seleccionando el icono ESTAD\u00cdSTICAS, podemos comprobar el balance general del alumno. En este apartado aparecen datos como el n\u00famero de test aprobados o suspensos, el n\u00famero de preguntas acertadas y falladas, los test completados, el tiempo medio que el alumno necesita para realizar el test, as\u00ed\u00ad como las categor\u00ed\u00adas en las que m\u00e1s fallos comete.<\/p>\n<blockquote>\n<p style=\"text-align: justify;\">\u00bfTiene alguna duda sobre el funcionamiento de Aritest Aula? Env\u00ed\u00adenos un e-mail a<strong> comunicacion@arisoft.es<\/strong> y responderemos a su pregunta con la mayor brevedad.<\/p>\n<\/blockquote>\n","protected":false},"excerpt":{"rendered":"<p>&nbsp; Os vamos a ense\u00f1ar hoy c\u00f3mo utilizar el programa Aritest Aula. Para empezar, el alumno acceder\u00e1 con su n\u00famero de identificaci\u00f3n personal y una clave, de cuatro d\u00ed\u00adgitos, que previamente le hemos asignado. Ver\u00e1 entonces una pantalla principal con varias opciones. Pinchando en el icono TEST, el alumno accede a la base de datos&hellip; <\/p>\n","protected":false},"author":1,"featured_media":119,"parent":0,"menu_order":0,"comment_status":"closed","ping_status":"closed","template":"","meta":{"jetpack_post_was_ever_published":false,"footnotes":""},"class_list":["post-346","page","type-page","status-publish","has-post-thumbnail","hentry"],"yoast_head":"<!-- This site is optimized with the Yoast SEO plugin v23.5 - https:\/\/yoast.com\/wordpress\/plugins\/seo\/ -->\n<title>Tutorial del programa Aritest Aula - AriSoft Ecuador<\/title>\n<meta name=\"robots\" content=\"index, follow, max-snippet:-1, max-image-preview:large, max-video-preview:-1\" \/>\n<link rel=\"canonical\" href=\"https:\/\/www.arisoftecuador.com\/blog\/tutorial-del-programa-aritest-aula\/\" \/>\n<meta property=\"og:locale\" content=\"es_ES\" \/>\n<meta property=\"og:type\" content=\"article\" \/>\n<meta property=\"og:title\" content=\"Tutorial del programa Aritest Aula - AriSoft Ecuador\" \/>\n<meta property=\"og:description\" content=\"&nbsp; Os vamos a ense\u00f1ar hoy c\u00f3mo utilizar el programa Aritest Aula. Para empezar, el alumno acceder\u00e1 con su n\u00famero de identificaci\u00f3n personal y una clave, de cuatro d\u00ed\u00adgitos, que previamente le hemos asignado. Ver\u00e1 entonces una pantalla principal con varias opciones. Pinchando en el icono TEST, el alumno accede a la base de datos&hellip;\" \/>\n<meta property=\"og:url\" content=\"https:\/\/www.arisoftecuador.com\/blog\/tutorial-del-programa-aritest-aula\/\" \/>\n<meta property=\"og:site_name\" content=\"AriSoft Ecuador\" \/>\n<meta property=\"og:image\" content=\"https:\/\/www.arisoftecuador.com\/blog\/wp-content\/uploads\/2013\/06\/AULAprincipal.jpg\" \/>\n\t<meta property=\"og:image:width\" content=\"798\" \/>\n\t<meta property=\"og:image:height\" content=\"598\" \/>\n\t<meta property=\"og:image:type\" content=\"image\/jpeg\" \/>\n<meta name=\"twitter:card\" content=\"summary_large_image\" \/>\n<meta name=\"twitter:label1\" content=\"Tiempo de lectura\" \/>\n\t<meta name=\"twitter:data1\" content=\"2 minutos\" \/>\n<script type=\"application\/ld+json\" class=\"yoast-schema-graph\">{\"@context\":\"https:\/\/schema.org\",\"@graph\":[{\"@type\":\"WebPage\",\"@id\":\"https:\/\/www.arisoftecuador.com\/blog\/tutorial-del-programa-aritest-aula\/\",\"url\":\"https:\/\/www.arisoftecuador.com\/blog\/tutorial-del-programa-aritest-aula\/\",\"name\":\"Tutorial del programa Aritest Aula - AriSoft Ecuador\",\"isPartOf\":{\"@id\":\"https:\/\/www.arisoftecuador.com\/blog\/#website\"},\"primaryImageOfPage\":{\"@id\":\"https:\/\/www.arisoftecuador.com\/blog\/tutorial-del-programa-aritest-aula\/#primaryimage\"},\"image\":{\"@id\":\"https:\/\/www.arisoftecuador.com\/blog\/tutorial-del-programa-aritest-aula\/#primaryimage\"},\"thumbnailUrl\":\"https:\/\/www.arisoftecuador.com\/blog\/wp-content\/uploads\/2013\/06\/AULAprincipal.jpg\",\"datePublished\":\"2016-08-17T16:19:17+00:00\",\"dateModified\":\"2016-08-17T16:19:17+00:00\",\"breadcrumb\":{\"@id\":\"https:\/\/www.arisoftecuador.com\/blog\/tutorial-del-programa-aritest-aula\/#breadcrumb\"},\"inLanguage\":\"es\",\"potentialAction\":[{\"@type\":\"ReadAction\",\"target\":[\"https:\/\/www.arisoftecuador.com\/blog\/tutorial-del-programa-aritest-aula\/\"]}]},{\"@type\":\"ImageObject\",\"inLanguage\":\"es\",\"@id\":\"https:\/\/www.arisoftecuador.com\/blog\/tutorial-del-programa-aritest-aula\/#primaryimage\",\"url\":\"https:\/\/www.arisoftecuador.com\/blog\/wp-content\/uploads\/2013\/06\/AULAprincipal.jpg\",\"contentUrl\":\"https:\/\/www.arisoftecuador.com\/blog\/wp-content\/uploads\/2013\/06\/AULAprincipal.jpg\",\"width\":798,\"height\":598,\"caption\":\"Aritest Aula\"},{\"@type\":\"BreadcrumbList\",\"@id\":\"https:\/\/www.arisoftecuador.com\/blog\/tutorial-del-programa-aritest-aula\/#breadcrumb\",\"itemListElement\":[{\"@type\":\"ListItem\",\"position\":1,\"name\":\"Portada\",\"item\":\"https:\/\/www.arisoftecuador.com\/blog\/\"},{\"@type\":\"ListItem\",\"position\":2,\"name\":\"Tutorial del programa Aritest Aula\"}]},{\"@type\":\"WebSite\",\"@id\":\"https:\/\/www.arisoftecuador.com\/blog\/#website\",\"url\":\"https:\/\/www.arisoftecuador.com\/blog\/\",\"name\":\"AriSoft Ecuador\",\"description\":\"Editorial de productos para escuelas de conducci\u00f3n\",\"publisher\":{\"@id\":\"https:\/\/www.arisoftecuador.com\/blog\/#organization\"},\"potentialAction\":[{\"@type\":\"SearchAction\",\"target\":{\"@type\":\"EntryPoint\",\"urlTemplate\":\"https:\/\/www.arisoftecuador.com\/blog\/?s={search_term_string}\"},\"query-input\":{\"@type\":\"PropertyValueSpecification\",\"valueRequired\":true,\"valueName\":\"search_term_string\"}}],\"inLanguage\":\"es\"},{\"@type\":\"Organization\",\"@id\":\"https:\/\/www.arisoftecuador.com\/blog\/#organization\",\"name\":\"AriSoft Ecuador\",\"url\":\"https:\/\/www.arisoftecuador.com\/blog\/\",\"logo\":{\"@type\":\"ImageObject\",\"inLanguage\":\"es\",\"@id\":\"https:\/\/www.arisoftecuador.com\/blog\/#\/schema\/logo\/image\/\",\"url\":\"https:\/\/www.arisoftecuador.com\/blog\/wp-content\/uploads\/arisoft-ecuador-logo-1.png\",\"contentUrl\":\"https:\/\/www.arisoftecuador.com\/blog\/wp-content\/uploads\/arisoft-ecuador-logo-1.png\",\"width\":180,\"height\":180,\"caption\":\"AriSoft Ecuador\"},\"image\":{\"@id\":\"https:\/\/www.arisoftecuador.com\/blog\/#\/schema\/logo\/image\/\"}}]}<\/script>\n<!-- \/ Yoast SEO plugin. -->","yoast_head_json":{"title":"Tutorial del programa Aritest Aula - AriSoft Ecuador","robots":{"index":"index","follow":"follow","max-snippet":"max-snippet:-1","max-image-preview":"max-image-preview:large","max-video-preview":"max-video-preview:-1"},"canonical":"https:\/\/www.arisoftecuador.com\/blog\/tutorial-del-programa-aritest-aula\/","og_locale":"es_ES","og_type":"article","og_title":"Tutorial del programa Aritest Aula - AriSoft Ecuador","og_description":"&nbsp; Os vamos a ense\u00f1ar hoy c\u00f3mo utilizar el programa Aritest Aula. Para empezar, el alumno acceder\u00e1 con su n\u00famero de identificaci\u00f3n personal y una clave, de cuatro d\u00ed\u00adgitos, que previamente le hemos asignado. Ver\u00e1 entonces una pantalla principal con varias opciones. Pinchando en el icono TEST, el alumno accede a la base de datos&hellip;","og_url":"https:\/\/www.arisoftecuador.com\/blog\/tutorial-del-programa-aritest-aula\/","og_site_name":"AriSoft Ecuador","og_image":[{"width":798,"height":598,"url":"https:\/\/www.arisoftecuador.com\/blog\/wp-content\/uploads\/2013\/06\/AULAprincipal.jpg","type":"image\/jpeg"}],"twitter_card":"summary_large_image","twitter_misc":{"Tiempo de lectura":"2 minutos"},"schema":{"@context":"https:\/\/schema.org","@graph":[{"@type":"WebPage","@id":"https:\/\/www.arisoftecuador.com\/blog\/tutorial-del-programa-aritest-aula\/","url":"https:\/\/www.arisoftecuador.com\/blog\/tutorial-del-programa-aritest-aula\/","name":"Tutorial del programa Aritest Aula - AriSoft Ecuador","isPartOf":{"@id":"https:\/\/www.arisoftecuador.com\/blog\/#website"},"primaryImageOfPage":{"@id":"https:\/\/www.arisoftecuador.com\/blog\/tutorial-del-programa-aritest-aula\/#primaryimage"},"image":{"@id":"https:\/\/www.arisoftecuador.com\/blog\/tutorial-del-programa-aritest-aula\/#primaryimage"},"thumbnailUrl":"https:\/\/www.arisoftecuador.com\/blog\/wp-content\/uploads\/2013\/06\/AULAprincipal.jpg","datePublished":"2016-08-17T16:19:17+00:00","dateModified":"2016-08-17T16:19:17+00:00","breadcrumb":{"@id":"https:\/\/www.arisoftecuador.com\/blog\/tutorial-del-programa-aritest-aula\/#breadcrumb"},"inLanguage":"es","potentialAction":[{"@type":"ReadAction","target":["https:\/\/www.arisoftecuador.com\/blog\/tutorial-del-programa-aritest-aula\/"]}]},{"@type":"ImageObject","inLanguage":"es","@id":"https:\/\/www.arisoftecuador.com\/blog\/tutorial-del-programa-aritest-aula\/#primaryimage","url":"https:\/\/www.arisoftecuador.com\/blog\/wp-content\/uploads\/2013\/06\/AULAprincipal.jpg","contentUrl":"https:\/\/www.arisoftecuador.com\/blog\/wp-content\/uploads\/2013\/06\/AULAprincipal.jpg","width":798,"height":598,"caption":"Aritest Aula"},{"@type":"BreadcrumbList","@id":"https:\/\/www.arisoftecuador.com\/blog\/tutorial-del-programa-aritest-aula\/#breadcrumb","itemListElement":[{"@type":"ListItem","position":1,"name":"Portada","item":"https:\/\/www.arisoftecuador.com\/blog\/"},{"@type":"ListItem","position":2,"name":"Tutorial del programa Aritest Aula"}]},{"@type":"WebSite","@id":"https:\/\/www.arisoftecuador.com\/blog\/#website","url":"https:\/\/www.arisoftecuador.com\/blog\/","name":"AriSoft Ecuador","description":"Editorial de productos para escuelas de conducci\u00f3n","publisher":{"@id":"https:\/\/www.arisoftecuador.com\/blog\/#organization"},"potentialAction":[{"@type":"SearchAction","target":{"@type":"EntryPoint","urlTemplate":"https:\/\/www.arisoftecuador.com\/blog\/?s={search_term_string}"},"query-input":{"@type":"PropertyValueSpecification","valueRequired":true,"valueName":"search_term_string"}}],"inLanguage":"es"},{"@type":"Organization","@id":"https:\/\/www.arisoftecuador.com\/blog\/#organization","name":"AriSoft Ecuador","url":"https:\/\/www.arisoftecuador.com\/blog\/","logo":{"@type":"ImageObject","inLanguage":"es","@id":"https:\/\/www.arisoftecuador.com\/blog\/#\/schema\/logo\/image\/","url":"https:\/\/www.arisoftecuador.com\/blog\/wp-content\/uploads\/arisoft-ecuador-logo-1.png","contentUrl":"https:\/\/www.arisoftecuador.com\/blog\/wp-content\/uploads\/arisoft-ecuador-logo-1.png","width":180,"height":180,"caption":"AriSoft Ecuador"},"image":{"@id":"https:\/\/www.arisoftecuador.com\/blog\/#\/schema\/logo\/image\/"}}]}},"jetpack_sharing_enabled":true,"jetpack_shortlink":"https:\/\/wp.me\/P3ZQIp-5A","_links":{"self":[{"href":"https:\/\/www.arisoftecuador.com\/blog\/wp-json\/wp\/v2\/pages\/346"}],"collection":[{"href":"https:\/\/www.arisoftecuador.com\/blog\/wp-json\/wp\/v2\/pages"}],"about":[{"href":"https:\/\/www.arisoftecuador.com\/blog\/wp-json\/wp\/v2\/types\/page"}],"author":[{"embeddable":true,"href":"https:\/\/www.arisoftecuador.com\/blog\/wp-json\/wp\/v2\/users\/1"}],"replies":[{"embeddable":true,"href":"https:\/\/www.arisoftecuador.com\/blog\/wp-json\/wp\/v2\/comments?post=346"}],"version-history":[{"count":1,"href":"https:\/\/www.arisoftecuador.com\/blog\/wp-json\/wp\/v2\/pages\/346\/revisions"}],"predecessor-version":[{"id":347,"href":"https:\/\/www.arisoftecuador.com\/blog\/wp-json\/wp\/v2\/pages\/346\/revisions\/347"}],"wp:featuredmedia":[{"embeddable":true,"href":"https:\/\/www.arisoftecuador.com\/blog\/wp-json\/wp\/v2\/media\/119"}],"wp:attachment":[{"href":"https:\/\/www.arisoftecuador.com\/blog\/wp-json\/wp\/v2\/media?parent=346"}],"curies":[{"name":"wp","href":"https:\/\/api.w.org\/{rel}","templated":true}]}}